{"id":111,"date":"2021-05-30T23:05:43","date_gmt":"2021-05-30T23:05:43","guid":{"rendered":"https:\/\/ergopropulsion.com\/site\/?page_id=111"},"modified":"2024-04-19T20:25:48","modified_gmt":"2024-04-19T20:25:48","slug":"nos-professionnels","status":"publish","type":"page","link":"https:\/\/ergopropulsion.com\/site\/nos-professionnels\/","title":{"rendered":"Nos professionnels &#8211; En construction"},"content":{"rendered":"\r\n<p><strong>Julie-France H\u00e9nault, ergoth\u00e9rapeute-propri\u00e9taire<\/strong><\/p>\r\n\r\n\r\n\r\n<div class=\"wp-block-media-text alignwide is-stacked-on-mobile\">\r\n<figure class=\"wp-block-media-text__media\"><img loading=\"lazy\" decoding=\"async\" width=\"768\" height=\"1024\" class=\"wp-image-96 size-full\" src=\"https:\/\/ergopropulsion.com\/site\/wp-content\/uploads\/2021\/05\/IMG_20210222_115847-768x1024.jpg\" alt=\"\" srcset=\"https:\/\/ergopropulsion.com\/site\/wp-content\/uploads\/2021\/05\/IMG_20210222_115847-768x1024.jpg 768w, https:\/\/ergopropulsion.com\/site\/wp-content\/uploads\/2021\/05\/IMG_20210222_115847-225x300.jpg 225w, https:\/\/ergopropulsion.com\/site\/wp-content\/uploads\/2021\/05\/IMG_20210222_115847-1152x1536.jpg 1152w, https:\/\/ergopropulsion.com\/site\/wp-content\/uploads\/2021\/05\/IMG_20210222_115847-1536x2048.jpg 1536w, https:\/\/ergopropulsion.com\/site\/wp-content\/uploads\/2021\/05\/IMG_20210222_115847-scaled.jpg 1920w\" sizes=\"auto, (max-width: 767px) 89vw, (max-width: 1000px) 54vw, (max-width: 1071px) 543px, 580px\" \/><\/figure>\r\n<div class=\"wp-block-media-text__content\">\r\n<p>Julie-France a gradu\u00e9 de l&rsquo;Universit\u00e9 McGill en 2008. Elle a initialement travaill\u00e9 aupr\u00e8s d&rsquo;une client\u00e8le vieillissante en soutien \u00e0 domicile, puis s&rsquo;est dirig\u00e9 en clinique priv\u00e9e aupr\u00e8s d&rsquo;une client\u00e8le accident\u00e9e du travail ou de la route. En 2015, Julie-France a travaill\u00e9 en Clinique externe de psychiatrie puis en orthop\u00e9die post-op\u00e9ratoire \u00e0 l&rsquo;h\u00f4pital de St-J\u00e9r\u00f4me. En 2018, Julie-France a repris sa pratique en clinique pour finalement devenir propri\u00e9taire en ao\u00fbt 2019 de la Clinique Ergo PROpulsion. Elle travaille aupr\u00e8s d&rsquo;une client\u00e8le adulte pr\u00e9sentant des probl\u00e9matiques de sant\u00e9 physique ou de sant\u00e9 mentale.<\/p>\r\n<\/div>\r\n<\/div>\r\n\r\n\r\n\r\n\r\n\r\n<p>&nbsp;<\/p>\r\n\r\n\r\n\r\n<p><strong>Vanessa Wolfe, adjointe administrative<\/strong><\/p>\r\n\r\n\r\n\r\n<p>Apr\u00e8s plusieurs ann\u00e9es dans le domaine de l\u2019automobile et du service \u00e0 la client\u00e8le, Vanessa a d\u00e9but\u00e9 sa carri\u00e8re d\u2019adjointe administrative dans une clinique d\u2019ergoth\u00e9rapie en 2016. Elle \u00e9tait d\u00e9j\u00e0 dans l\u2019\u00e9quipe lorsque la clinique Ergo PROpulsion fut cr\u00e9\u00e9e. Ayant toujours le client \u00e0 c\u0153ur, elle assure un service chaleureux \u00e0 la client\u00e8le. Son professionnalisme, son efficacit\u00e9 et sa discr\u00e9tion font d&rsquo;elle la personne toute d\u00e9sign\u00e9e pour vous accueillir de fa\u00e7on positive. En plus d&rsquo;assister tous les membres de l&rsquo;\u00e9quipe \u00e0 plusieurs niveaux, Vanessa s\u2019occupe aussi des t\u00e2ches administratives, elle re\u00e7oit et g\u00e8re les mandats et coordonne le suivi entre l&rsquo;\u00e9quipe et nos diff\u00e9rents fournisseurs.<\/p>\r\n","protected":false},"excerpt":{"rendered":"<p>Julie-France H\u00e9nault, ergoth\u00e9rapeute-propri\u00e9taire Julie-France a gradu\u00e9 de l&rsquo;Universit\u00e9 McGill en 2008. Elle a initialement travaill\u00e9 aupr\u00e8s d&rsquo;une client\u00e8le vieillissante en soutien \u00e0 domicile, puis s&rsquo;est dirig\u00e9 en clinique priv\u00e9e aupr\u00e8s d&rsquo;une client\u00e8le accident\u00e9e du travail ou de la route. En 2015, Julie-France a travaill\u00e9 en Clinique externe de psychiatrie puis en orthop\u00e9die post-op\u00e9ratoire \u00e0 l&rsquo;h\u00f4pital &hellip; <\/p>\n<p class=\"link-more\"><a href=\"https:\/\/ergopropulsion.com\/site\/nos-professionnels\/\" class=\"more-link\">Continuer la lecture<span class=\"screen-reader-text\"> de &laquo;&nbsp;Nos professionnels &#8211; En construction&nbsp;&raquo;<\/span><\/a><\/p>\n","protected":false},"author":1,"featured_media":0,"parent":0,"menu_order":0,"comment_status":"closed","ping_status":"closed","template":"","meta":{"footnotes":""},"class_list":["post-111","page","type-page","status-publish","hentry"],"_links":{"self":[{"href":"https:\/\/ergopropulsion.com\/site\/wp-json\/wp\/v2\/pages\/111","targetHints":{"allow":["GET"]}}],"collection":[{"href":"https:\/\/ergopropulsion.com\/site\/wp-json\/wp\/v2\/pages"}],"about":[{"href":"https:\/\/ergopropulsion.com\/site\/wp-json\/wp\/v2\/types\/page"}],"author":[{"embeddable":true,"href":"https:\/\/ergopropulsion.com\/site\/wp-json\/wp\/v2\/users\/1"}],"replies":[{"embeddable":true,"href":"https:\/\/ergopropulsion.com\/site\/wp-json\/wp\/v2\/comments?post=111"}],"version-history":[{"count":7,"href":"https:\/\/ergopropulsion.com\/site\/wp-json\/wp\/v2\/pages\/111\/revisions"}],"predecessor-version":[{"id":199,"href":"https:\/\/ergopropulsion.com\/site\/wp-json\/wp\/v2\/pages\/111\/revisions\/199"}],"wp:attachment":[{"href":"https:\/\/ergopropulsion.com\/site\/wp-json\/wp\/v2\/media?parent=111"}],"curies":[{"name":"wp","href":"https:\/\/api.w.org\/{rel}","templated":true}]}}