{"id":110,"date":"2021-05-30T23:05:43","date_gmt":"2021-05-30T23:05:43","guid":{"rendered":"https:\/\/ergopropulsion.com\/site\/?page_id=110"},"modified":"2026-01-28T19:47:45","modified_gmt":"2026-01-28T19:47:45","slug":"nos-services-2","status":"publish","type":"page","link":"https:\/\/ergopropulsion.com\/site\/nos-services-2\/","title":{"rendered":"Nos services"},"content":{"rendered":"\r\n<p><strong>Ergoth\u00e9rapie<\/strong><\/p>\r\n\r\n\r\n\r\n<p>L\u2019ergoth\u00e9rapie est une science qui vise \u00e0 vous aider \u00e0 organiser et accomplir les activit\u00e9s qui sont importantes pour vous. La recherche de l\u2019autonomie est poursuivie que ce soit au niveau personnel, professionnel et des loisirs.<\/p>\r\n\r\n\r\n\r\n<p>Nous offrons les services suivants en ergoth\u00e9rapie\u00a0:<\/p>\r\n\r\n\r\n\r\n<ul class=\"wp-block-list\">\r\n<li>Troubles musculosquelettiques;<\/li>\r\n<li>Douleur chronique;<\/li>\r\n<li>\u00c9valuation et d\u00e9veloppement des capacit\u00e9s de travail;<\/li>\r\n<li>Programme d&rsquo;\u00e9valuation et de d\u00e9veloppement des capacit\u00e9s fonctionnelle (ECF\/DCF) et du potentiel de r\u00e9adaptation &#8211; ergo et kin\u00e9<\/li>\r\n<li>\u00c9valuation de poste de travail;<\/li>\r\n<li>T\u00e9l\u00e9r\u00e9adaptation;<\/li>\r\n<li>Th\u00e9rapie de la main;<\/li>\r\n<li>Sant\u00e9 mentale;<\/li>\r\n<li>Adaptation de domicile, incluant le Programme d&rsquo;adaptation de domicile (PAD) de la SHQ;<\/li>\r\n<li>\u00c9valuation de la capacit\u00e9 \u00e0 conduire une automobile (service offert seulement en fran\u00e7ais);<\/li>\r\n<li>Ergoth\u00e9rapie p\u00e9diatrique.<\/li>\r\n<\/ul>\r\n\r\n\r\n\r\n<div class=\"wp-block-spacer\" style=\"height: 50px;\" aria-hidden=\"true\">Client\u00e8le CNESST, SAAQ, IVAC, Assureurs et priv\u00e9e.<\/div>\r\n\r\n\r\n\r\n<p><strong>Kin\u00e9siologie<\/strong><\/p>\r\n\r\n\r\n\r\n<p>La kin\u00e9siologie d\u00e9signe la science du mouvement. Le kin\u00e9siologue se sp\u00e9cialise donc dans le mouvement humain et se sert de diff\u00e9rentes notions d\u2019anatomie, de biom\u00e9canique et de physiologie pour vous aider \u00e0 atteindre vos objectifs via l\u2019exercice.<\/p>\r\n\r\n\r\n\r\n<p>Nous offrons les services suivants en kin\u00e9siologie\u00a0:<\/p>\r\n\r\n\r\n\r\n<ul class=\"wp-block-list\">\r\n<li>Troubles musculosquelettiques;<\/li>\r\n<li>Douleur chronique;<\/li>\r\n<li>D\u00e9veloppement des capacit\u00e9s de travail;<\/li>\r\n<li>Changement d\u2019habitudes de vie;<\/li>\r\n<li>Entrainement priv\u00e9\/semi-priv\u00e9;<\/li>\r\n<li>Sant\u00e9 mentale.<\/li>\r\n<\/ul>\r\n\r\n\r\n\r\n<div class=\"wp-block-spacer\" style=\"height: 50px;\" aria-hidden=\"true\">\u00a0<\/div>\r\n\r\n\r\n\r\n<p><strong>Kin\u00e9siologie sp\u00e9cialis\u00e9e en exercices th\u00e9rapeutiques (massoth\u00e9rapie\/kin\u00e9sith\u00e9rapie\/orthoth\u00e9rapie)<\/strong><\/p>\r\n\r\n\r\n\r\n<p>La kin\u00e9siologie sp\u00e9cialis\u00e9e en exercices th\u00e9rapeutiques est une discipline s&rsquo;apparentant \u00e0 la massoth\u00e9rapie et se d\u00e9marque par une approche centr\u00e9e sur la compr\u00e9hension de l&rsquo;anatomie et de la biom\u00e9canique; programme offert au deuxi\u00e8me cycle universitaire \u00e0 l&rsquo;Universit\u00e9 de Sherbrooke.<\/p>\r\n\r\n\r\n\r\n<p>Les champs d&rsquo;intervention sont autant en pr\u00e9vention qu\u2019en r\u00e9adaptation, principalement en cas de douleur chronique et r\u00e9cidivante. Pour ce faire, diff\u00e9rentes techniques de massage, de mobilisations articulaires passives, de lev\u00e9es de tension, points g\u00e2chettes, de rel\u00e2chement myofascial et d\u2019exercices th\u00e9rapeutiques sont utilis\u00e9s. Chaque rendez-vous comporte un bilan de la posture et de la mobilit\u00e9 qui permet de diriger le traitement.<\/p>\r\n\r\n\r\n\r\n<p>Cette discipline est chapeaut\u00e9e principalement par l\u2019Association des Kin\u00e9siologues, Kin\u00e9sith\u00e9rapeutes, Orthoth\u00e9rapeutes et Massoth\u00e9rapeutes du Qu\u00e9bec (AKKOMQ). Cette derni\u00e8re demande \u00e9norm\u00e9ment de rigueur et de professionnalisme aupr\u00e8s de ses membres. De plus, elle permet le remboursement des frais encourus par les traitements en massoth\u00e9rapie, kin\u00e9sith\u00e9rapie et orthoth\u00e9rapie.<\/p>\r\n\r\n\r\n\r\n<p>Nous offrons les services suivants en kin\u00e9siologie sp\u00e9cialis\u00e9e en exercices th\u00e9rapeutiques:<\/p>\r\n\r\n\r\n\r\n<ul class=\"wp-block-list\">\r\n<li>Troubles musculosquelettiques;<\/li>\r\n<li>Douleur chronique;<\/li>\r\n<li>Tensions musculaires\/ raideurs;<\/li>\r\n<li>Pr\u00e9vention de blessures.<\/li>\r\n<\/ul>\r\n\r\n\r\n\r\n<div class=\"wp-block-spacer\" style=\"height: 50px;\" aria-hidden=\"true\">\u00a0<\/div>\r\n\r\n\r\n\r\n<p><strong>Physioth\u00e9rapie &#8211; NON DISPONIBLE ACTUELLEMENT<\/strong><\/p>\r\n\r\n\r\n\r\n<p>L&rsquo;OPPQ d\u00e9finit la physioth\u00e9rapie comme \u00ab une science de la sant\u00e9 dont le r\u00f4le est de vous permettre de retrouver le maximum de <strong>vos capacit\u00e9s physiques<\/strong> afin que vous puissiez r\u00e9aliser vos activit\u00e9s quotidiennes, accomplir un travail, pratiquer un loisir ou un sport, et ce, en fonction de votre condition et de votre potentiel de r\u00e9cup\u00e9ration. Elle favorise ainsi votre autonomie tout en vous permettant de rester actif dans votre vie personnelle et sociale\u00bb.<\/p>\r\n\r\n\r\n\r\n<div class=\"wp-block-spacer\" style=\"height: 50px;\" aria-hidden=\"true\">\u00a0<\/div>\r\n\r\n\r\n\r\n<p><strong>T\u00e9l\u00e9r\u00e9adaptation<\/strong><\/p>\r\n\r\n\r\n\r\n<p>Nous offrons le service de t\u00e9l\u00e9r\u00e9adaptation en ergoth\u00e9rapie via une plate-forme s\u00e9curis\u00e9e (Medexa). Contactez-nous pour en apprendre plus sur le sujet.<\/p>\r\n","protected":false},"excerpt":{"rendered":"<p>Ergoth\u00e9rapie L\u2019ergoth\u00e9rapie est une science qui vise \u00e0 vous aider \u00e0 organiser et accomplir les activit\u00e9s qui sont importantes pour vous. La recherche de l\u2019autonomie est poursuivie que ce soit au niveau personnel, professionnel et des loisirs. Nous offrons les services suivants en ergoth\u00e9rapie\u00a0: Troubles musculosquelettiques; Douleur chronique; \u00c9valuation et d\u00e9veloppement des capacit\u00e9s de travail; &hellip; <\/p>\n<p class=\"link-more\"><a href=\"https:\/\/ergopropulsion.com\/site\/nos-services-2\/\" class=\"more-link\">Continuer la lecture<span class=\"screen-reader-text\"> de &laquo;&nbsp;Nos services&nbsp;&raquo;<\/span><\/a><\/p>\n","protected":false},"author":1,"featured_media":0,"parent":0,"menu_order":0,"comment_status":"closed","ping_status":"closed","template":"","meta":{"footnotes":""},"class_list":["post-110","page","type-page","status-publish","hentry"],"_links":{"self":[{"href":"https:\/\/ergopropulsion.com\/site\/wp-json\/wp\/v2\/pages\/110","targetHints":{"allow":["GET"]}}],"collection":[{"href":"https:\/\/ergopropulsion.com\/site\/wp-json\/wp\/v2\/pages"}],"about":[{"href":"https:\/\/ergopropulsion.com\/site\/wp-json\/wp\/v2\/types\/page"}],"author":[{"embeddable":true,"href":"https:\/\/ergopropulsion.com\/site\/wp-json\/wp\/v2\/users\/1"}],"replies":[{"embeddable":true,"href":"https:\/\/ergopropulsion.com\/site\/wp-json\/wp\/v2\/comments?post=110"}],"version-history":[{"count":11,"href":"https:\/\/ergopropulsion.com\/site\/wp-json\/wp\/v2\/pages\/110\/revisions"}],"predecessor-version":[{"id":231,"href":"https:\/\/ergopropulsion.com\/site\/wp-json\/wp\/v2\/pages\/110\/revisions\/231"}],"wp:attachment":[{"href":"https:\/\/ergopropulsion.com\/site\/wp-json\/wp\/v2\/media?parent=110"}],"curies":[{"name":"wp","href":"https:\/\/api.w.org\/{rel}","templated":true}]}}