{"id":109,"date":"2021-05-30T23:05:43","date_gmt":"2021-05-30T23:05:43","guid":{"rendered":"https:\/\/ergopropulsion.com\/site\/?page_id=109"},"modified":"2025-03-09T20:52:05","modified_gmt":"2025-03-09T20:52:05","slug":"a-propos","status":"publish","type":"page","link":"https:\/\/ergopropulsion.com\/site\/a-propos\/","title":{"rendered":"\u00c0 propos"},"content":{"rendered":"\r\n<p>\u00c0 la clinique ErgoPROpulsion, notre \u00e9quipe de professionnels dynamiques travaille en interdisciplinarit\u00e9 avec vous pour vous propulser vers vos objectifs dans un environnement convivial. La personnalisation et l\u2019adaptation sont au centre de nos interventions. Notre clinique en pleine expansion offre diff\u00e9rents services d\u2019ergoth\u00e9rapie, de kin\u00e9siologie, de massoth\u00e9rapie (kin\u00e9sith\u00e9rapie, orthoth\u00e9rapie) pour votre sant\u00e9 physique ainsi que votre sant\u00e9 mentale. Nous cherchons \u00e9galement \u00e0 recruter d\u2019autres types de professionnels de la sant\u00e9 afin d\u2019ouvrir l\u2019\u00e9ventail de nos services et de vous offrir la meilleure exp\u00e9rience possible.<\/p>\r\n\r\n\r\n\r\n<p>La clinique, situ\u00e9e au 3<sup>e<\/sup> \u00e9tage d\u2019un b\u00e2timent disposant d\u2019un ascenseur, comprend deux salles d\u2019entrainement ferm\u00e9es, une salle de traitement et deux salles ferm\u00e9es pour la consultation en sant\u00e9 mentale. Nous sommes avantageusement situ\u00e9s au centre-ville de Saint-J\u00e9r\u00f4me avec plusieurs parcs et la piste cyclable \u00e0 proximit\u00e9.<\/p>\r\n\r\n\r\n\r\n<p>La Clinique Ergo PROpulsion a \u00e9t\u00e9 fond\u00e9e en 2019 par Julie-France H\u00e9nault, ergoth\u00e9rapeute-propri\u00e9taire, gradu\u00e9e de l\u2019Universit\u00e9 McGill en 2008. Rendez vous \u00e0 la section\u00a0<em>Notre \u00e9quipe\u00a0<\/em>pour en apprendre plus sur son curriculum.<\/p>\r\n","protected":false},"excerpt":{"rendered":"<p>\u00c0 la clinique ErgoPROpulsion, notre \u00e9quipe de professionnels dynamiques travaille en interdisciplinarit\u00e9 avec vous pour vous propulser vers vos objectifs dans un environnement convivial. La personnalisation et l\u2019adaptation sont au centre de nos interventions. Notre clinique en pleine expansion offre diff\u00e9rents services d\u2019ergoth\u00e9rapie, de kin\u00e9siologie, de massoth\u00e9rapie (kin\u00e9sith\u00e9rapie, orthoth\u00e9rapie) pour votre sant\u00e9 physique ainsi que &hellip; <\/p>\n<p class=\"link-more\"><a href=\"https:\/\/ergopropulsion.com\/site\/a-propos\/\" class=\"more-link\">Continuer la lecture<span class=\"screen-reader-text\"> de &laquo;&nbsp;\u00c0 propos&nbsp;&raquo;<\/span><\/a><\/p>\n","protected":false},"author":1,"featured_media":0,"parent":0,"menu_order":0,"comment_status":"closed","ping_status":"closed","template":"","meta":{"footnotes":""},"class_list":["post-109","page","type-page","status-publish","hentry"],"_links":{"self":[{"href":"https:\/\/ergopropulsion.com\/site\/wp-json\/wp\/v2\/pages\/109","targetHints":{"allow":["GET"]}}],"collection":[{"href":"https:\/\/ergopropulsion.com\/site\/wp-json\/wp\/v2\/pages"}],"about":[{"href":"https:\/\/ergopropulsion.com\/site\/wp-json\/wp\/v2\/types\/page"}],"author":[{"embeddable":true,"href":"https:\/\/ergopropulsion.com\/site\/wp-json\/wp\/v2\/users\/1"}],"replies":[{"embeddable":true,"href":"https:\/\/ergopropulsion.com\/site\/wp-json\/wp\/v2\/comments?post=109"}],"version-history":[{"count":5,"href":"https:\/\/ergopropulsion.com\/site\/wp-json\/wp\/v2\/pages\/109\/revisions"}],"predecessor-version":[{"id":214,"href":"https:\/\/ergopropulsion.com\/site\/wp-json\/wp\/v2\/pages\/109\/revisions\/214"}],"wp:attachment":[{"href":"https:\/\/ergopropulsion.com\/site\/wp-json\/wp\/v2\/media?parent=109"}],"curies":[{"name":"wp","href":"https:\/\/api.w.org\/{rel}","templated":true}]}}